{"id":112,"date":"2023-02-18T13:32:39","date_gmt":"2023-02-18T13:32:39","guid":{"rendered":"https:\/\/stenstrupbillardklub.dk\/?page_id=112"},"modified":"2024-01-03T15:23:49","modified_gmt":"2024-01-03T15:23:49","slug":"turneringsspil","status":"publish","type":"page","link":"https:\/\/stenstrupbillardklub.dk\/?page_id=112","title":{"rendered":"Turneringsspil"},"content":{"rendered":"\t\t<div data-elementor-type=\"wp-page\" data-elementor-id=\"112\" class=\"elementor elementor-112\">\n\t\t\t\t\t\t\t\t\t<section class=\"elementor-section elementor-top-section elementor-element elementor-element-3ae0a65 elementor-section-boxed elementor-section-height-default elementor-section-height-default\" data-id=\"3ae0a65\" data-element_type=\"section\">\n\t\t\t\t\t\t<div class=\"elementor-container elementor-column-gap-default\">\n\t\t\t\t\t<div class=\"elementor-column elementor-col-100 elementor-top-column elementor-element elementor-element-bba13b9\" data-id=\"bba13b9\" data-element_type=\"column\">\n\t\t\t<div class=\"elementor-widget-wrap elementor-element-populated\">\n\t\t\t\t\t\t\t\t<div class=\"elementor-element elementor-element-0db69ce elementor-widget elementor-widget-heading\" data-id=\"0db69ce\" data-element_type=\"widget\" data-widget_type=\"heading.default\">\n\t\t\t\t<div class=\"elementor-widget-container\">\n\t\t\t<style>\/*! elementor - v3.18.0 - 20-12-2023 *\/\n.elementor-heading-title{padding:0;margin:0;line-height:1}.elementor-widget-heading .elementor-heading-title[class*=elementor-size-]>a{color:inherit;font-size:inherit;line-height:inherit}.elementor-widget-heading .elementor-heading-title.elementor-size-small{font-size:15px}.elementor-widget-heading .elementor-heading-title.elementor-size-medium{font-size:19px}.elementor-widget-heading .elementor-heading-title.elementor-size-large{font-size:29px}.elementor-widget-heading .elementor-heading-title.elementor-size-xl{font-size:39px}.elementor-widget-heading .elementor-heading-title.elementor-size-xxl{font-size:59px}<\/style><h2 class=\"elementor-heading-title elementor-size-default\">Turneringsspil<\/h2>\t\t<\/div>\n\t\t\t\t<\/div>\n\t\t\t\t\t<\/div>\n\t\t<\/div>\n\t\t\t\t\t\t\t<\/div>\n\t\t<\/section>\n\t\t\t\t<section class=\"elementor-section elementor-top-section elementor-element elementor-element-fa8e566 elementor-section-boxed elementor-section-height-default elementor-section-height-default\" data-id=\"fa8e566\" data-element_type=\"section\">\n\t\t\t\t\t\t<div class=\"elementor-container elementor-column-gap-default\">\n\t\t\t\t\t<div class=\"elementor-column elementor-col-33 elementor-top-column elementor-element elementor-element-d71365e\" data-id=\"d71365e\" data-element_type=\"column\">\n\t\t\t<div class=\"elementor-widget-wrap elementor-element-populated\">\n\t\t\t\t\t\t\t\t<div class=\"elementor-element elementor-element-5a092c4 elementor-widget elementor-widget-image\" data-id=\"5a092c4\" data-element_type=\"widget\" data-widget_type=\"image.default\">\n\t\t\t\t<div class=\"elementor-widget-container\">\n\t\t\t<style>\/*! elementor - v3.18.0 - 20-12-2023 *\/\n.elementor-widget-image{text-align:center}.elementor-widget-image a{display:inline-block}.elementor-widget-image a img[src$=\".svg\"]{width:48px}.elementor-widget-image img{vertical-align:middle;display:inline-block}<\/style>\t\t\t\t\t\t\t\t\t\t\t\t<img fetchpriority=\"high\" decoding=\"async\" width=\"504\" height=\"460\" src=\"https:\/\/stenstrupbillardklub.dk\/wp-content\/uploads\/2023\/02\/BillardspillerFarve-icon.png\" class=\"attachment-large size-large wp-image-35\" alt=\"\" srcset=\"https:\/\/stenstrupbillardklub.dk\/wp-content\/uploads\/2023\/02\/BillardspillerFarve-icon.png 504w, https:\/\/stenstrupbillardklub.dk\/wp-content\/uploads\/2023\/02\/BillardspillerFarve-icon-300x274.png 300w\" sizes=\"(max-width: 504px) 100vw, 504px\" \/>\t\t\t\t\t\t\t\t\t\t\t\t\t\t\t<\/div>\n\t\t\t\t<\/div>\n\t\t\t\t\t<\/div>\n\t\t<\/div>\n\t\t\t\t<div class=\"elementor-column elementor-col-33 elementor-top-column elementor-element elementor-element-36efaa1\" data-id=\"36efaa1\" data-element_type=\"column\">\n\t\t\t<div class=\"elementor-widget-wrap elementor-element-populated\">\n\t\t\t\t\t\t\t\t<div class=\"elementor-element elementor-element-4369ddf elementor-widget elementor-widget-image\" data-id=\"4369ddf\" data-element_type=\"widget\" data-widget_type=\"image.default\">\n\t\t\t\t<div class=\"elementor-widget-container\">\n\t\t\t\t\t\t\t\t\t\t\t\t\t\t\t<img decoding=\"async\" width=\"1000\" height=\"676\" src=\"https:\/\/stenstrupbillardklub.dk\/wp-content\/uploads\/2023\/02\/kridt.jpg\" class=\"attachment-large size-large wp-image-59\" alt=\"\" srcset=\"https:\/\/stenstrupbillardklub.dk\/wp-content\/uploads\/2023\/02\/kridt.jpg 1000w, https:\/\/stenstrupbillardklub.dk\/wp-content\/uploads\/2023\/02\/kridt-300x203.jpg 300w, https:\/\/stenstrupbillardklub.dk\/wp-content\/uploads\/2023\/02\/kridt-768x519.jpg 768w\" sizes=\"(max-width: 1000px) 100vw, 1000px\" \/>\t\t\t\t\t\t\t\t\t\t\t\t\t\t\t<\/div>\n\t\t\t\t<\/div>\n\t\t\t\t\t<\/div>\n\t\t<\/div>\n\t\t\t\t<div class=\"elementor-column elementor-col-33 elementor-top-column elementor-element elementor-element-cb83312\" data-id=\"cb83312\" data-element_type=\"column\">\n\t\t\t<div class=\"elementor-widget-wrap elementor-element-populated\">\n\t\t\t\t\t\t\t\t<div class=\"elementor-element elementor-element-1cd601b elementor-widget elementor-widget-image\" data-id=\"1cd601b\" data-element_type=\"widget\" data-widget_type=\"image.default\">\n\t\t\t\t<div class=\"elementor-widget-container\">\n\t\t\t\t\t\t\t\t\t\t\t\t\t\t\t<img decoding=\"async\" width=\"1000\" height=\"702\" src=\"https:\/\/stenstrupbillardklub.dk\/wp-content\/uploads\/2023\/02\/koe-spids.jpg\" class=\"attachment-large size-large wp-image-57\" alt=\"\" srcset=\"https:\/\/stenstrupbillardklub.dk\/wp-content\/uploads\/2023\/02\/koe-spids.jpg 1000w, https:\/\/stenstrupbillardklub.dk\/wp-content\/uploads\/2023\/02\/koe-spids-300x211.jpg 300w, https:\/\/stenstrupbillardklub.dk\/wp-content\/uploads\/2023\/02\/koe-spids-768x539.jpg 768w\" sizes=\"(max-width: 1000px) 100vw, 1000px\" \/>\t\t\t\t\t\t\t\t\t\t\t\t\t\t\t<\/div>\n\t\t\t\t<\/div>\n\t\t\t\t\t<\/div>\n\t\t<\/div>\n\t\t\t\t\t\t\t<\/div>\n\t\t<\/section>\n\t\t\t\t<section class=\"elementor-section elementor-top-section elementor-element elementor-element-e19bc79 elementor-section-boxed elementor-section-height-default elementor-section-height-default\" data-id=\"e19bc79\" data-element_type=\"section\">\n\t\t\t\t\t\t<div class=\"elementor-container elementor-column-gap-default\">\n\t\t\t\t\t<div class=\"elementor-column elementor-col-100 elementor-top-column elementor-element elementor-element-d69731e\" data-id=\"d69731e\" data-element_type=\"column\">\n\t\t\t<div class=\"elementor-widget-wrap elementor-element-populated\">\n\t\t\t\t\t\t\t\t<div class=\"elementor-element elementor-element-a5a4e52 elementor-widget elementor-widget-text-editor\" data-id=\"a5a4e52\" data-element_type=\"widget\" data-widget_type=\"text-editor.default\">\n\t\t\t\t<div class=\"elementor-widget-container\">\n\t\t\t<style>\/*! elementor - v3.18.0 - 20-12-2023 *\/\n.elementor-widget-text-editor.elementor-drop-cap-view-stacked .elementor-drop-cap{background-color:#69727d;color:#fff}.elementor-widget-text-editor.elementor-drop-cap-view-framed .elementor-drop-cap{color:#69727d;border:3px solid;background-color:transparent}.elementor-widget-text-editor:not(.elementor-drop-cap-view-default) .elementor-drop-cap{margin-top:8px}.elementor-widget-text-editor:not(.elementor-drop-cap-view-default) .elementor-drop-cap-letter{width:1em;height:1em}.elementor-widget-text-editor .elementor-drop-cap{float:left;text-align:center;line-height:1;font-size:50px}.elementor-widget-text-editor .elementor-drop-cap-letter{display:inline-block}<\/style>\t\t\t\t<p>\u00a0<\/p><table width=\"100%\" cellspacing=\"0\" cellpadding=\"0\"><tbody><tr><td><div class=\"pageContentSection cmsContentStandardTextWrap\"><div class=\"m_text_container\"><h2>Egen handicapturnering og regional turneringer<\/h2><p>Stenstrup Billardklub afvikler sin egen handicapturnering hvert for\u00e5r og efter\u00e5r, og via sit medlemskab af DDBU (Den Danske Billard Union) deltager klubben ogs\u00e5 i unionens forskellige regionale turneringer.<\/p><p>Den \u00f8jeblikkelige stilling i den regionale turnering &#8220;<span style=\"text-decoration: underline;\"><span style=\"color: #0000ff; text-decoration: underline;\"><a style=\"color: #0000ff; text-decoration: underline;\" href=\"https:\/\/ddbu-admin.dk\/external\/holdturprint.php?turid=28&amp;puljenr=28&amp;saeson=2324\" target=\"_blank\" rel=\"noopener\">Oldboys Vest, Pulje 28<\/a><\/span><\/span>&#8221; \u00a0kan du se ved at klikke p\u00e5 linket.<\/p><p>Der er meget mere om resultater p\u00e5 <a href=\"https:\/\/spiller.ddbu-admin.dk\/?m=1\"><em><span style=\"text-decoration: underline;\"><span style=\"color: #0000ff; text-decoration: underline;\">DDBU-Vest<\/span><\/span><\/em><\/a>.<\/p><p>P\u00e5 <strong>D<\/strong>en <strong>D<\/strong>anske <strong>B<\/strong>illard <strong>U<\/strong>nion <a href=\"https:\/\/dendanskebillardunion.dk\/\"><em><span style=\"text-decoration: underline;\"><span style=\"color: #0000ff; text-decoration: underline;\">DDBU<\/span><\/span><\/em><\/a>&#8216;s hjemmeside,er der selvf\u00f8lgelig en masse anden information om billard.<\/p><\/div><\/div><\/td><\/tr><\/tbody><\/table>\t\t\t\t\t\t<\/div>\n\t\t\t\t<\/div>\n\t\t\t\t\t<\/div>\n\t\t<\/div>\n\t\t\t\t\t\t\t<\/div>\n\t\t<\/section>\n\t\t\t\t<section class=\"elementor-section elementor-top-section elementor-element elementor-element-ff42b26 elementor-section-boxed elementor-section-height-default elementor-section-height-default\" data-id=\"ff42b26\" data-element_type=\"section\">\n\t\t\t\t\t\t<div class=\"elementor-container elementor-column-gap-default\">\n\t\t\t\t\t<div class=\"elementor-column elementor-col-100 elementor-top-column elementor-element elementor-element-9126440\" data-id=\"9126440\" data-element_type=\"column\">\n\t\t\t<div class=\"elementor-widget-wrap elementor-element-populated\">\n\t\t\t\t\t\t\t\t<div class=\"elementor-element elementor-element-fdbea84 elementor-widget elementor-widget-video\" data-id=\"fdbea84\" data-element_type=\"widget\" data-settings=\"{&quot;video_type&quot;:&quot;hosted&quot;,&quot;autoplay&quot;:&quot;yes&quot;,&quot;play_on_mobile&quot;:&quot;yes&quot;,&quot;loop&quot;:&quot;yes&quot;,&quot;controls&quot;:&quot;yes&quot;}\" data-widget_type=\"video.default\">\n\t\t\t\t<div class=\"elementor-widget-container\">\n\t\t\t<style>\/*! elementor - v3.18.0 - 20-12-2023 *\/\n.elementor-widget-video .elementor-widget-container{overflow:hidden;transform:translateZ(0)}.elementor-widget-video .elementor-wrapper{aspect-ratio:var(--video-aspect-ratio)}.elementor-widget-video .elementor-wrapper iframe,.elementor-widget-video .elementor-wrapper video{height:100%;width:100%;display:flex;border:none;background-color:#000}@supports not (aspect-ratio:1\/1){.elementor-widget-video .elementor-wrapper{position:relative;overflow:hidden;height:0;padding-bottom:calc(100% \/ var(--video-aspect-ratio))}.elementor-widget-video .elementor-wrapper iframe,.elementor-widget-video .elementor-wrapper video{position:absolute;top:0;right:0;bottom:0;left:0}}.elementor-widget-video .elementor-open-inline .elementor-custom-embed-image-overlay{position:absolute;top:0;right:0;bottom:0;left:0;background-size:cover;background-position:50%}.elementor-widget-video .elementor-custom-embed-image-overlay{cursor:pointer;text-align:center}.elementor-widget-video .elementor-custom-embed-image-overlay:hover .elementor-custom-embed-play i{opacity:1}.elementor-widget-video .elementor-custom-embed-image-overlay img{display:block;width:100%;aspect-ratio:var(--video-aspect-ratio);-o-object-fit:cover;object-fit:cover;-o-object-position:center center;object-position:center center}@supports not (aspect-ratio:1\/1){.elementor-widget-video .elementor-custom-embed-image-overlay{position:relative;overflow:hidden;height:0;padding-bottom:calc(100% \/ var(--video-aspect-ratio))}.elementor-widget-video .elementor-custom-embed-image-overlay img{position:absolute;top:0;right:0;bottom:0;left:0}}.elementor-widget-video .e-hosted-video .elementor-video{-o-object-fit:cover;object-fit:cover}.e-con-inner>.elementor-widget-video,.e-con>.elementor-widget-video{width:var(--container-widget-width);--flex-grow:var(--container-widget-flex-grow)}<\/style>\t\t<div class=\"e-hosted-video elementor-wrapper elementor-open-inline\">\n\t\t\t\t\t<video class=\"elementor-video\" src=\"https:\/\/stenstrupbillardklub.dk\/wp-content\/uploads\/2023\/02\/dobbeltspids.mp4\" autoplay=\"\" loop=\"\" controls=\"\" playsinline=\"\" controlsList=\"nodownload\"><\/video>\n\t\t\t\t<\/div>\n\t\t\t\t<\/div>\n\t\t\t\t<\/div>\n\t\t\t\t\t<\/div>\n\t\t<\/div>\n\t\t\t\t\t\t\t<\/div>\n\t\t<\/section>\n\t\t\t\t\t\t\t<\/div>\n\t\t","protected":false},"excerpt":{"rendered":"<p>Turneringsspil \u00a0 Egen handicapturnering og regional turneringer Stenstrup Billardklub afvikler sin egen handicapturnering hvert for\u00e5r og efter\u00e5r, og via sit medlemskab af DDBU (Den Danske Billard Union) deltager klubben ogs\u00e5 i unionens forskellige regionale turneringer. Den \u00f8jeblikkelige stilling i den regionale turnering &#8220;Oldboys Vest, Pulje 28&#8221; \u00a0kan du se ved at klikke p\u00e5 linket. Der [&hellip;]<\/p>\n","protected":false},"author":1,"featured_media":0,"parent":0,"menu_order":0,"comment_status":"closed","ping_status":"closed","template":"","meta":{"footnotes":""},"_links":{"self":[{"href":"https:\/\/stenstrupbillardklub.dk\/index.php?rest_route=\/wp\/v2\/pages\/112"}],"collection":[{"href":"https:\/\/stenstrupbillardklub.dk\/index.php?rest_route=\/wp\/v2\/pages"}],"about":[{"href":"https:\/\/stenstrupbillardklub.dk\/index.php?rest_route=\/wp\/v2\/types\/page"}],"author":[{"embeddable":true,"href":"https:\/\/stenstrupbillardklub.dk\/index.php?rest_route=\/wp\/v2\/users\/1"}],"replies":[{"embeddable":true,"href":"https:\/\/stenstrupbillardklub.dk\/index.php?rest_route=%2Fwp%2Fv2%2Fcomments&post=112"}],"version-history":[{"count":40,"href":"https:\/\/stenstrupbillardklub.dk\/index.php?rest_route=\/wp\/v2\/pages\/112\/revisions"}],"predecessor-version":[{"id":495,"href":"https:\/\/stenstrupbillardklub.dk\/index.php?rest_route=\/wp\/v2\/pages\/112\/revisions\/495"}],"wp:attachment":[{"href":"https:\/\/stenstrupbillardklub.dk\/index.php?rest_route=%2Fwp%2Fv2%2Fmedia&parent=112"}],"curies":[{"name":"wp","href":"https:\/\/api.w.org\/{rel}","templated":true}]}}