{"id":110,"date":"2023-02-18T13:32:08","date_gmt":"2023-02-18T13:32:08","guid":{"rendered":"https:\/\/stenstrupbillardklub.dk\/?page_id=110"},"modified":"2023-02-21T14:53:58","modified_gmt":"2023-02-21T14:53:58","slug":"medlemskab","status":"publish","type":"page","link":"https:\/\/stenstrupbillardklub.dk\/?page_id=110","title":{"rendered":"Medlemskab"},"content":{"rendered":"\t\t<div data-elementor-type=\"wp-page\" data-elementor-id=\"110\" class=\"elementor elementor-110\">\n\t\t\t\t\t\t\t\t\t<section class=\"elementor-section elementor-top-section elementor-element elementor-element-fddae38 elementor-section-boxed elementor-section-height-default elementor-section-height-default\" data-id=\"fddae38\" data-element_type=\"section\">\n\t\t\t\t\t\t<div class=\"elementor-container elementor-column-gap-default\">\n\t\t\t\t\t<div class=\"elementor-column elementor-col-100 elementor-top-column elementor-element elementor-element-eb2aa7f\" data-id=\"eb2aa7f\" data-element_type=\"column\">\n\t\t\t<div class=\"elementor-widget-wrap elementor-element-populated\">\n\t\t\t\t\t\t\t\t<div class=\"elementor-element elementor-element-b2b6f80 elementor-widget elementor-widget-text-editor\" data-id=\"b2b6f80\" data-element_type=\"widget\" data-widget_type=\"text-editor.default\">\n\t\t\t\t<div class=\"elementor-widget-container\">\n\t\t\t<style>\/*! elementor - v3.18.0 - 20-12-2023 *\/\n.elementor-widget-text-editor.elementor-drop-cap-view-stacked .elementor-drop-cap{background-color:#69727d;color:#fff}.elementor-widget-text-editor.elementor-drop-cap-view-framed .elementor-drop-cap{color:#69727d;border:3px solid;background-color:transparent}.elementor-widget-text-editor:not(.elementor-drop-cap-view-default) .elementor-drop-cap{margin-top:8px}.elementor-widget-text-editor:not(.elementor-drop-cap-view-default) .elementor-drop-cap-letter{width:1em;height:1em}.elementor-widget-text-editor .elementor-drop-cap{float:left;text-align:center;line-height:1;font-size:50px}.elementor-widget-text-editor .elementor-drop-cap-letter{display:inline-block}<\/style>\t\t\t\t<h2 class=\"elementor-heading-title elementor-size-default elementor-inline-editing pen\" contenteditable=\"true\" data-elementor-setting-key=\"title\" data-pen-placeholder=\"Skriv her...\">Medlemskab\u200b<\/h2>\t\t\t\t\t\t<\/div>\n\t\t\t\t<\/div>\n\t\t\t\t\t<\/div>\n\t\t<\/div>\n\t\t\t\t\t\t\t<\/div>\n\t\t<\/section>\n\t\t\t\t<section class=\"elementor-section elementor-top-section elementor-element elementor-element-261467f elementor-section-boxed elementor-section-height-default elementor-section-height-default\" data-id=\"261467f\" data-element_type=\"section\">\n\t\t\t\t\t\t<div class=\"elementor-container elementor-column-gap-default\">\n\t\t\t\t\t<div class=\"elementor-column elementor-col-100 elementor-top-column elementor-element elementor-element-0d25b31\" data-id=\"0d25b31\" data-element_type=\"column\">\n\t\t\t<div class=\"elementor-widget-wrap elementor-element-populated\">\n\t\t\t\t\t\t\t\t<section class=\"elementor-section elementor-inner-section elementor-element elementor-element-b92ef4e elementor-section-boxed elementor-section-height-default elementor-section-height-default\" data-id=\"b92ef4e\" data-element_type=\"section\">\n\t\t\t\t\t\t<div class=\"elementor-container elementor-column-gap-default\">\n\t\t\t\t\t<div class=\"elementor-column elementor-col-50 elementor-inner-column elementor-element elementor-element-8e803fe\" data-id=\"8e803fe\" data-element_type=\"column\">\n\t\t\t<div class=\"elementor-widget-wrap elementor-element-populated\">\n\t\t\t\t\t\t\t\t<div class=\"elementor-element elementor-element-41ed2b1 elementor-widget elementor-widget-image\" data-id=\"41ed2b1\" data-element_type=\"widget\" data-widget_type=\"image.default\">\n\t\t\t\t<div class=\"elementor-widget-container\">\n\t\t\t<style>\/*! elementor - v3.18.0 - 20-12-2023 *\/\n.elementor-widget-image{text-align:center}.elementor-widget-image a{display:inline-block}.elementor-widget-image a img[src$=\".svg\"]{width:48px}.elementor-widget-image img{vertical-align:middle;display:inline-block}<\/style>\t\t\t\t\t\t\t\t\t\t\t\t<img fetchpriority=\"high\" decoding=\"async\" width=\"512\" height=\"512\" src=\"https:\/\/stenstrupbillardklub.dk\/wp-content\/uploads\/2023\/02\/Billardspiller-icon.png\" class=\"attachment-large size-large wp-image-34\" alt=\"\" srcset=\"https:\/\/stenstrupbillardklub.dk\/wp-content\/uploads\/2023\/02\/Billardspiller-icon.png 512w, https:\/\/stenstrupbillardklub.dk\/wp-content\/uploads\/2023\/02\/Billardspiller-icon-300x300.png 300w, https:\/\/stenstrupbillardklub.dk\/wp-content\/uploads\/2023\/02\/Billardspiller-icon-150x150.png 150w\" sizes=\"(max-width: 512px) 100vw, 512px\" \/>\t\t\t\t\t\t\t\t\t\t\t\t\t\t\t<\/div>\n\t\t\t\t<\/div>\n\t\t\t\t\t<\/div>\n\t\t<\/div>\n\t\t\t\t<div class=\"elementor-column elementor-col-50 elementor-inner-column elementor-element elementor-element-bb50f30\" data-id=\"bb50f30\" data-element_type=\"column\">\n\t\t\t<div class=\"elementor-widget-wrap elementor-element-populated\">\n\t\t\t\t\t\t\t\t<div class=\"elementor-element elementor-element-5f0285d elementor-widget elementor-widget-text-editor\" data-id=\"5f0285d\" data-element_type=\"widget\" data-widget_type=\"text-editor.default\">\n\t\t\t\t<div class=\"elementor-widget-container\">\n\t\t\t\t\t\t\t<p>Som medlem af Stenstrup Billardklub\u00a0kan optages enhver person, der er fyldt 12 \u00e5r &#8211; s\u00e5vel dame som herre. Unge under 15 \u00e5r \u00e5r kan dog kun spille, n\u00e5r der i lokalet samtidig er en voksen person til stede<\/p>\t\t\t\t\t\t<\/div>\n\t\t\t\t<\/div>\n\t\t\t\t\t<\/div>\n\t\t<\/div>\n\t\t\t\t\t\t\t<\/div>\n\t\t<\/section>\n\t\t\t\t\t<\/div>\n\t\t<\/div>\n\t\t\t\t\t\t\t<\/div>\n\t\t<\/section>\n\t\t\t\t<section class=\"elementor-section elementor-top-section elementor-element elementor-element-dd9790d elementor-section-boxed elementor-section-height-default elementor-section-height-default\" data-id=\"dd9790d\" data-element_type=\"section\">\n\t\t\t\t\t\t<div class=\"elementor-container elementor-column-gap-default\">\n\t\t\t\t\t<div class=\"elementor-column elementor-col-100 elementor-top-column elementor-element elementor-element-abeec33\" data-id=\"abeec33\" data-element_type=\"column\">\n\t\t\t<div class=\"elementor-widget-wrap elementor-element-populated\">\n\t\t\t\t\t\t\t\t<section class=\"elementor-section elementor-inner-section elementor-element elementor-element-19c508d elementor-section-boxed elementor-section-height-default elementor-section-height-default\" data-id=\"19c508d\" data-element_type=\"section\">\n\t\t\t\t\t\t<div class=\"elementor-container elementor-column-gap-default\">\n\t\t\t\t\t<div class=\"elementor-column elementor-col-50 elementor-inner-column elementor-element elementor-element-694eabb\" data-id=\"694eabb\" data-element_type=\"column\">\n\t\t\t<div class=\"elementor-widget-wrap elementor-element-populated\">\n\t\t\t\t\t\t\t\t<div class=\"elementor-element elementor-element-27d99aa elementor-widget elementor-widget-image\" data-id=\"27d99aa\" data-element_type=\"widget\" data-widget_type=\"image.default\">\n\t\t\t\t<div class=\"elementor-widget-container\">\n\t\t\t\t\t\t\t\t\t\t\t\t\t\t\t<img decoding=\"async\" width=\"256\" height=\"256\" src=\"https:\/\/stenstrupbillardklub.dk\/wp-content\/uploads\/2023\/02\/wrapped_gift_3d.png\" class=\"attachment-large size-large wp-image-76\" alt=\"\" srcset=\"https:\/\/stenstrupbillardklub.dk\/wp-content\/uploads\/2023\/02\/wrapped_gift_3d.png 256w, https:\/\/stenstrupbillardklub.dk\/wp-content\/uploads\/2023\/02\/wrapped_gift_3d-150x150.png 150w\" sizes=\"(max-width: 256px) 100vw, 256px\" \/>\t\t\t\t\t\t\t\t\t\t\t\t\t\t\t<\/div>\n\t\t\t\t<\/div>\n\t\t\t\t\t<\/div>\n\t\t<\/div>\n\t\t\t\t<div class=\"elementor-column elementor-col-50 elementor-inner-column elementor-element elementor-element-e598cb5\" data-id=\"e598cb5\" data-element_type=\"column\">\n\t\t\t<div class=\"elementor-widget-wrap elementor-element-populated\">\n\t\t\t\t\t\t\t\t<div class=\"elementor-element elementor-element-657f4d4 elementor-widget elementor-widget-text-editor\" data-id=\"657f4d4\" data-element_type=\"widget\" data-widget_type=\"text-editor.default\">\n\t\t\t\t<div class=\"elementor-widget-container\">\n\t\t\t\t\t\t\t<p>Kommende medlemmer kan f\u00e5 en betalingsfri pr\u00f8vetid p\u00e5 6 timer indenfor den f\u00f8rste m\u00e5ned, og i denne pr\u00f8vetid har uerfarne personer mulighed for at f\u00e5 instruktion af en af klubbens etablerede medlemmer efter n\u00e6rmere aftale. Begyndere har mulighed for at l\u00e5ne en god k\u00f8 i lokalet.<\/p>\t\t\t\t\t\t<\/div>\n\t\t\t\t<\/div>\n\t\t\t\t\t<\/div>\n\t\t<\/div>\n\t\t\t\t\t\t\t<\/div>\n\t\t<\/section>\n\t\t\t\t\t<\/div>\n\t\t<\/div>\n\t\t\t\t\t\t\t<\/div>\n\t\t<\/section>\n\t\t\t\t<section class=\"elementor-section elementor-top-section elementor-element elementor-element-1bebd43 elementor-section-boxed elementor-section-height-default elementor-section-height-default\" data-id=\"1bebd43\" data-element_type=\"section\">\n\t\t\t\t\t\t<div class=\"elementor-container elementor-column-gap-default\">\n\t\t\t\t\t<div class=\"elementor-column elementor-col-100 elementor-top-column elementor-element elementor-element-14ca3ed\" data-id=\"14ca3ed\" data-element_type=\"column\">\n\t\t\t<div class=\"elementor-widget-wrap elementor-element-populated\">\n\t\t\t\t\t\t\t\t<section class=\"elementor-section elementor-inner-section elementor-element elementor-element-e90c3bc elementor-section-boxed elementor-section-height-default elementor-section-height-default\" data-id=\"e90c3bc\" data-element_type=\"section\">\n\t\t\t\t\t\t<div class=\"elementor-container elementor-column-gap-default\">\n\t\t\t\t\t<div class=\"elementor-column elementor-col-50 elementor-inner-column elementor-element elementor-element-fdc25c0\" data-id=\"fdc25c0\" data-element_type=\"column\">\n\t\t\t<div class=\"elementor-widget-wrap elementor-element-populated\">\n\t\t\t\t\t\t\t\t<div class=\"elementor-element elementor-element-23be726 elementor-widget elementor-widget-image\" data-id=\"23be726\" data-element_type=\"widget\" data-widget_type=\"image.default\">\n\t\t\t\t<div class=\"elementor-widget-container\">\n\t\t\t\t\t\t\t\t\t\t\t\t\t\t\t<img decoding=\"async\" width=\"256\" height=\"256\" src=\"https:\/\/stenstrupbillardklub.dk\/wp-content\/uploads\/2023\/02\/money_bag_3d.png\" class=\"attachment-large size-large wp-image-63\" alt=\"\" srcset=\"https:\/\/stenstrupbillardklub.dk\/wp-content\/uploads\/2023\/02\/money_bag_3d.png 256w, https:\/\/stenstrupbillardklub.dk\/wp-content\/uploads\/2023\/02\/money_bag_3d-150x150.png 150w\" sizes=\"(max-width: 256px) 100vw, 256px\" \/>\t\t\t\t\t\t\t\t\t\t\t\t\t\t\t<\/div>\n\t\t\t\t<\/div>\n\t\t\t\t\t<\/div>\n\t\t<\/div>\n\t\t\t\t<div class=\"elementor-column elementor-col-50 elementor-inner-column elementor-element elementor-element-4fa4212\" data-id=\"4fa4212\" data-element_type=\"column\">\n\t\t\t<div class=\"elementor-widget-wrap elementor-element-populated\">\n\t\t\t\t\t\t\t\t<div class=\"elementor-element elementor-element-663e0a1 elementor-widget elementor-widget-text-editor\" data-id=\"663e0a1\" data-element_type=\"widget\" data-widget_type=\"text-editor.default\">\n\t\t\t\t<div class=\"elementor-widget-container\">\n\t\t\t\t\t\t\t<p>Det \u00e5rlige kontingent for medlemmer over 25 \u00e5r udg\u00f8r indtil videre kr. 800, som op-kr\u00e6ves med kr. 400 for henholdsvis for\u00e5rs- og efter\u00e5rss\u00e6son.<\/p>\t\t\t\t\t\t<\/div>\n\t\t\t\t<\/div>\n\t\t\t\t\t<\/div>\n\t\t<\/div>\n\t\t\t\t\t\t\t<\/div>\n\t\t<\/section>\n\t\t\t\t\t<\/div>\n\t\t<\/div>\n\t\t\t\t\t\t\t<\/div>\n\t\t<\/section>\n\t\t\t\t<section class=\"elementor-section elementor-top-section elementor-element elementor-element-34065fb elementor-section-boxed elementor-section-height-default elementor-section-height-default\" data-id=\"34065fb\" data-element_type=\"section\">\n\t\t\t\t\t\t<div class=\"elementor-container elementor-column-gap-default\">\n\t\t\t\t\t<div class=\"elementor-column elementor-col-100 elementor-top-column elementor-element elementor-element-7cfca98\" data-id=\"7cfca98\" data-element_type=\"column\">\n\t\t\t<div class=\"elementor-widget-wrap elementor-element-populated\">\n\t\t\t\t\t\t\t\t<section class=\"elementor-section elementor-inner-section elementor-element elementor-element-5062983 elementor-section-boxed elementor-section-height-default elementor-section-height-default\" data-id=\"5062983\" data-element_type=\"section\">\n\t\t\t\t\t\t<div class=\"elementor-container elementor-column-gap-default\">\n\t\t\t\t\t<div class=\"elementor-column elementor-col-50 elementor-inner-column elementor-element elementor-element-ac91250\" data-id=\"ac91250\" data-element_type=\"column\">\n\t\t\t<div class=\"elementor-widget-wrap elementor-element-populated\">\n\t\t\t\t\t\t\t\t<div class=\"elementor-element elementor-element-24be37b elementor-widget elementor-widget-image\" data-id=\"24be37b\" data-element_type=\"widget\" data-widget_type=\"image.default\">\n\t\t\t\t<div class=\"elementor-widget-container\">\n\t\t\t\t\t\t\t\t\t\t\t\t\t\t\t<img loading=\"lazy\" decoding=\"async\" width=\"256\" height=\"256\" src=\"https:\/\/stenstrupbillardklub.dk\/wp-content\/uploads\/2023\/02\/index_pointing_at_the_viewer_3d_default.png\" class=\"attachment-large size-large wp-image-49\" alt=\"\" srcset=\"https:\/\/stenstrupbillardklub.dk\/wp-content\/uploads\/2023\/02\/index_pointing_at_the_viewer_3d_default.png 256w, https:\/\/stenstrupbillardklub.dk\/wp-content\/uploads\/2023\/02\/index_pointing_at_the_viewer_3d_default-150x150.png 150w\" sizes=\"(max-width: 256px) 100vw, 256px\" \/>\t\t\t\t\t\t\t\t\t\t\t\t\t\t\t<\/div>\n\t\t\t\t<\/div>\n\t\t\t\t\t<\/div>\n\t\t<\/div>\n\t\t\t\t<div class=\"elementor-column elementor-col-50 elementor-inner-column elementor-element elementor-element-7a1d8de\" data-id=\"7a1d8de\" data-element_type=\"column\">\n\t\t\t<div class=\"elementor-widget-wrap elementor-element-populated\">\n\t\t\t\t\t\t\t\t<div class=\"elementor-element elementor-element-b7c00dd elementor-widget elementor-widget-text-editor\" data-id=\"b7c00dd\" data-element_type=\"widget\" data-widget_type=\"text-editor.default\">\n\t\t\t\t<div class=\"elementor-widget-container\">\n\t\t\t\t\t\t\t<p>For helt unge spillere samt for \u00e6gtepar og samlevende personer g\u00e6lder flg. s\u00e6rligt gunstige kontingenter<\/p>\t\t\t\t\t\t<\/div>\n\t\t\t\t<\/div>\n\t\t\t\t\t<\/div>\n\t\t<\/div>\n\t\t\t\t\t\t\t<\/div>\n\t\t<\/section>\n\t\t\t\t\t<\/div>\n\t\t<\/div>\n\t\t\t\t\t\t\t<\/div>\n\t\t<\/section>\n\t\t\t\t<section class=\"elementor-section elementor-top-section elementor-element elementor-element-89dce24 elementor-section-boxed elementor-section-height-default elementor-section-height-default\" data-id=\"89dce24\" data-element_type=\"section\">\n\t\t\t\t\t\t<div class=\"elementor-container elementor-column-gap-default\">\n\t\t\t\t\t<div class=\"elementor-column elementor-col-100 elementor-top-column elementor-element elementor-element-7bc849d\" data-id=\"7bc849d\" data-element_type=\"column\">\n\t\t\t<div class=\"elementor-widget-wrap elementor-element-populated\">\n\t\t\t\t\t\t\t\t<section class=\"elementor-section elementor-inner-section elementor-element elementor-element-2989a3b elementor-section-boxed elementor-section-height-default elementor-section-height-default\" data-id=\"2989a3b\" data-element_type=\"section\">\n\t\t\t\t\t\t<div class=\"elementor-container elementor-column-gap-default\">\n\t\t\t\t\t<div class=\"elementor-column elementor-col-50 elementor-inner-column elementor-element elementor-element-1dfbee9\" data-id=\"1dfbee9\" data-element_type=\"column\">\n\t\t\t<div class=\"elementor-widget-wrap elementor-element-populated\">\n\t\t\t\t\t\t\t\t<div class=\"elementor-element elementor-element-e4cdb3a elementor-widget elementor-widget-image\" data-id=\"e4cdb3a\" data-element_type=\"widget\" data-widget_type=\"image.default\">\n\t\t\t\t<div class=\"elementor-widget-container\">\n\t\t\t\t\t\t\t\t\t\t\t\t\t\t\t<img loading=\"lazy\" decoding=\"async\" width=\"256\" height=\"256\" src=\"https:\/\/stenstrupbillardklub.dk\/wp-content\/uploads\/2023\/02\/red_circle_3d.png\" class=\"attachment-large size-large wp-image-66\" alt=\"\" srcset=\"https:\/\/stenstrupbillardklub.dk\/wp-content\/uploads\/2023\/02\/red_circle_3d.png 256w, https:\/\/stenstrupbillardklub.dk\/wp-content\/uploads\/2023\/02\/red_circle_3d-150x150.png 150w\" sizes=\"(max-width: 256px) 100vw, 256px\" \/>\t\t\t\t\t\t\t\t\t\t\t\t\t\t\t<\/div>\n\t\t\t\t<\/div>\n\t\t\t\t\t<\/div>\n\t\t<\/div>\n\t\t\t\t<div class=\"elementor-column elementor-col-50 elementor-inner-column elementor-element elementor-element-3f65398\" data-id=\"3f65398\" data-element_type=\"column\">\n\t\t\t<div class=\"elementor-widget-wrap elementor-element-populated\">\n\t\t\t\t\t\t\t\t<div class=\"elementor-element elementor-element-25c781f elementor-widget elementor-widget-text-editor\" data-id=\"25c781f\" data-element_type=\"widget\" data-widget_type=\"text-editor.default\">\n\t\t\t\t<div class=\"elementor-widget-container\">\n\t\t\t\t\t\t\t<ul><li>Medlemmer under 25 \u00e5r og over 18 \u00e5r samt en af to \u00e6gtef\u00e6ller\/samlevende personer uanset alder betaler halv kontingent.<\/li><li>Indtil 2 medlemmer over 12 \u00e5r og under 18 \u00e5r spiller gratis i ledtog med samt under opsyn og ansvar af en betalende voksen spiller. Mentor har derudover naturligvis samme spilmuligheder som \u00f8vrige betalende spillere.<\/li><\/ul>\t\t\t\t\t\t<\/div>\n\t\t\t\t<\/div>\n\t\t\t\t\t<\/div>\n\t\t<\/div>\n\t\t\t\t\t\t\t<\/div>\n\t\t<\/section>\n\t\t\t\t\t<\/div>\n\t\t<\/div>\n\t\t\t\t\t\t\t<\/div>\n\t\t<\/section>\n\t\t\t\t<section class=\"elementor-section elementor-top-section elementor-element elementor-element-3687c90 elementor-section-boxed elementor-section-height-default elementor-section-height-default\" data-id=\"3687c90\" data-element_type=\"section\">\n\t\t\t\t\t\t<div class=\"elementor-container elementor-column-gap-default\">\n\t\t\t\t\t<div class=\"elementor-column elementor-col-100 elementor-top-column elementor-element elementor-element-c0d8a6c\" data-id=\"c0d8a6c\" data-element_type=\"column\">\n\t\t\t<div class=\"elementor-widget-wrap elementor-element-populated\">\n\t\t\t\t\t\t\t\t<section class=\"elementor-section elementor-inner-section elementor-element elementor-element-1ac09bd elementor-section-boxed elementor-section-height-default elementor-section-height-default\" data-id=\"1ac09bd\" data-element_type=\"section\">\n\t\t\t\t\t\t<div class=\"elementor-container elementor-column-gap-default\">\n\t\t\t\t\t<div class=\"elementor-column elementor-col-50 elementor-inner-column elementor-element elementor-element-c5fb463\" data-id=\"c5fb463\" data-element_type=\"column\">\n\t\t\t<div class=\"elementor-widget-wrap elementor-element-populated\">\n\t\t\t\t\t\t\t\t<div class=\"elementor-element elementor-element-4227113 elementor-widget elementor-widget-image\" data-id=\"4227113\" data-element_type=\"widget\" data-widget_type=\"image.default\">\n\t\t\t\t<div class=\"elementor-widget-container\">\n\t\t\t\t\t\t\t\t\t\t\t\t\t\t\t<img loading=\"lazy\" decoding=\"async\" width=\"198\" height=\"192\" src=\"https:\/\/stenstrupbillardklub.dk\/wp-content\/uploads\/2023\/02\/VedtaegterIkon.png\" class=\"attachment-large size-large wp-image-74\" alt=\"\" \/>\t\t\t\t\t\t\t\t\t\t\t\t\t\t\t<\/div>\n\t\t\t\t<\/div>\n\t\t\t\t\t<\/div>\n\t\t<\/div>\n\t\t\t\t<div class=\"elementor-column elementor-col-50 elementor-inner-column elementor-element elementor-element-2821bd5\" data-id=\"2821bd5\" data-element_type=\"column\">\n\t\t\t<div class=\"elementor-widget-wrap elementor-element-populated\">\n\t\t\t\t\t\t\t\t<div class=\"elementor-element elementor-element-f313ff3 elementor-widget elementor-widget-text-editor\" data-id=\"f313ff3\" data-element_type=\"widget\" data-widget_type=\"text-editor.default\">\n\t\t\t\t<div class=\"elementor-widget-container\">\n\t\t\t\t\t\t\t<p>Ved indmeldelse modtager medlemmet et eksemplar af klubbens vedt\u00e6gter samt Stenstrup-Hallens ordensregler.<\/p>\t\t\t\t\t\t<\/div>\n\t\t\t\t<\/div>\n\t\t\t\t\t<\/div>\n\t\t<\/div>\n\t\t\t\t\t\t\t<\/div>\n\t\t<\/section>\n\t\t\t\t\t<\/div>\n\t\t<\/div>\n\t\t\t\t\t\t\t<\/div>\n\t\t<\/section>\n\t\t\t\t<section class=\"elementor-section elementor-top-section elementor-element elementor-element-ffcf707 elementor-section-boxed elementor-section-height-default elementor-section-height-default\" data-id=\"ffcf707\" data-element_type=\"section\">\n\t\t\t\t\t\t<div class=\"elementor-container elementor-column-gap-default\">\n\t\t\t\t\t<div class=\"elementor-column elementor-col-100 elementor-top-column elementor-element elementor-element-cecf220\" data-id=\"cecf220\" data-element_type=\"column\">\n\t\t\t<div class=\"elementor-widget-wrap elementor-element-populated\">\n\t\t\t\t\t\t\t\t<section class=\"elementor-section elementor-inner-section elementor-element elementor-element-c74ec7e elementor-section-boxed elementor-section-height-default elementor-section-height-default\" data-id=\"c74ec7e\" data-element_type=\"section\">\n\t\t\t\t\t\t<div class=\"elementor-container elementor-column-gap-default\">\n\t\t\t\t\t<div class=\"elementor-column elementor-col-50 elementor-inner-column elementor-element elementor-element-a7d52b5\" data-id=\"a7d52b5\" data-element_type=\"column\">\n\t\t\t<div class=\"elementor-widget-wrap elementor-element-populated\">\n\t\t\t\t\t\t\t\t<div class=\"elementor-element elementor-element-c0589ae elementor-widget elementor-widget-image\" data-id=\"c0589ae\" data-element_type=\"widget\" data-widget_type=\"image.default\">\n\t\t\t\t<div class=\"elementor-widget-container\">\n\t\t\t\t\t\t\t\t\t\t\t\t\t\t\t<img loading=\"lazy\" decoding=\"async\" width=\"512\" height=\"512\" src=\"https:\/\/stenstrupbillardklub.dk\/wp-content\/uploads\/2023\/02\/Mobil.jpg\" class=\"attachment-large size-large wp-image-62\" alt=\"\" srcset=\"https:\/\/stenstrupbillardklub.dk\/wp-content\/uploads\/2023\/02\/Mobil.jpg 512w, https:\/\/stenstrupbillardklub.dk\/wp-content\/uploads\/2023\/02\/Mobil-300x300.jpg 300w, https:\/\/stenstrupbillardklub.dk\/wp-content\/uploads\/2023\/02\/Mobil-150x150.jpg 150w\" sizes=\"(max-width: 512px) 100vw, 512px\" \/>\t\t\t\t\t\t\t\t\t\t\t\t\t\t\t<\/div>\n\t\t\t\t<\/div>\n\t\t\t\t\t<\/div>\n\t\t<\/div>\n\t\t\t\t<div class=\"elementor-column elementor-col-50 elementor-inner-column elementor-element elementor-element-63381c9\" data-id=\"63381c9\" data-element_type=\"column\">\n\t\t\t<div class=\"elementor-widget-wrap elementor-element-populated\">\n\t\t\t\t\t\t\t\t<div class=\"elementor-element elementor-element-ec15477 elementor-widget elementor-widget-text-editor\" data-id=\"ec15477\" data-element_type=\"widget\" data-widget_type=\"text-editor.default\">\n\t\t\t\t<div class=\"elementor-widget-container\">\n\t\t\t\t\t\t\t<table width=\"100%\" cellspacing=\"0\" cellpadding=\"0\"><tbody><tr><td><div class=\"pageContentSection cmsContentStandardTextWrap\"><div class=\"m_text_container\"><p>Indmeldelse i Stenstrup Billardklub sker ved henvendelse til:<br \/>formand Keld J\u00f8rgensen p\u00e5 tlf. 29 99 90 25.<\/p><\/div><\/div><\/td><\/tr><\/tbody><\/table>\t\t\t\t\t\t<\/div>\n\t\t\t\t<\/div>\n\t\t\t\t\t<\/div>\n\t\t<\/div>\n\t\t\t\t\t\t\t<\/div>\n\t\t<\/section>\n\t\t\t\t\t<\/div>\n\t\t<\/div>\n\t\t\t\t\t\t\t<\/div>\n\t\t<\/section>\n\t\t\t\t\t\t\t<\/div>\n\t\t","protected":false},"excerpt":{"rendered":"<p>Medlemskab\u200b Som medlem af Stenstrup Billardklub\u00a0kan optages enhver person, der er fyldt 12 \u00e5r &#8211; s\u00e5vel dame som herre. Unge under 15 \u00e5r \u00e5r kan dog kun spille, n\u00e5r der i lokalet samtidig er en voksen person til stede Kommende medlemmer kan f\u00e5 en betalingsfri pr\u00f8vetid p\u00e5 6 timer indenfor den f\u00f8rste m\u00e5ned, og i [&hellip;]<\/p>\n","protected":false},"author":1,"featured_media":0,"parent":0,"menu_order":0,"comment_status":"closed","ping_status":"closed","template":"","meta":{"footnotes":""},"_links":{"self":[{"href":"https:\/\/stenstrupbillardklub.dk\/index.php?rest_route=\/wp\/v2\/pages\/110"}],"collection":[{"href":"https:\/\/stenstrupbillardklub.dk\/index.php?rest_route=\/wp\/v2\/pages"}],"about":[{"href":"https:\/\/stenstrupbillardklub.dk\/index.php?rest_route=\/wp\/v2\/types\/page"}],"author":[{"embeddable":true,"href":"https:\/\/stenstrupbillardklub.dk\/index.php?rest_route=\/wp\/v2\/users\/1"}],"replies":[{"embeddable":true,"href":"https:\/\/stenstrupbillardklub.dk\/index.php?rest_route=%2Fwp%2Fv2%2Fcomments&post=110"}],"version-history":[{"count":49,"href":"https:\/\/stenstrupbillardklub.dk\/index.php?rest_route=\/wp\/v2\/pages\/110\/revisions"}],"predecessor-version":[{"id":406,"href":"https:\/\/stenstrupbillardklub.dk\/index.php?rest_route=\/wp\/v2\/pages\/110\/revisions\/406"}],"wp:attachment":[{"href":"https:\/\/stenstrupbillardklub.dk\/index.php?rest_route=%2Fwp%2Fv2%2Fmedia&parent=110"}],"curies":[{"name":"wp","href":"https:\/\/api.w.org\/{rel}","templated":true}]}}